{"id":1523,"date":"2024-11-27T11:27:02","date_gmt":"2024-11-27T09:27:02","guid":{"rendered":"http:\/\/10.100.225.65\/wordpress\/app\/asdntechnik\/?page_id=1523"},"modified":"2025-01-17T16:35:03","modified_gmt":"2025-01-17T14:35:03","slug":"statusmeldungen","status":"publish","type":"page","link":"https:\/\/www.digitalfunk.niedersachsen.de\/asdntechnik\/statusmeldungen\/","title":{"rendered":"Statusmeldungen"},"content":{"rendered":"<p>[et_pb_section fb_built=&#8220;1&#8243; _builder_version=&#8220;4.16&#8243; global_colors_info=&#8220;{}&#8220;][et_pb_row _builder_version=&#8220;4.16&#8243; background_size=&#8220;initial&#8220; background_position=&#8220;top_left&#8220; background_repeat=&#8220;repeat&#8220; global_colors_info=&#8220;{}&#8220;][et_pb_column type=&#8220;4_4&#8243; _builder_version=&#8220;4.16&#8243; custom_padding=&#8220;|||&#8220; global_colors_info=&#8220;{}&#8220; custom_padding__hover=&#8220;|||&#8220;][et_pb_post_title _builder_version=&#8220;4.26.0&#8243; _module_preset=&#8220;default&#8220; hover_enabled=&#8220;0&#8243; global_colors_info=&#8220;{}&#8220; meta=&#8220;off&#8220; featured_image=&#8220;off&#8220; sticky_enabled=&#8220;0&#8243;][\/et_pb_post_title][et_pb_text _builder_version=&#8220;4.26.0&#8243; background_size=&#8220;initial&#8220; background_position=&#8220;top_left&#8220; background_repeat=&#8220;repeat&#8220; global_colors_info=&#8220;{}&#8220;]<\/p>\n<h3 class=\"icons\">Berechtigung zum Empfang von Statusmeldungen<\/h3>\n<div>\n<p>Der Empfang von Statusmeldungen ist bisher ausschlie\u00dflich in Leitstellen m\u00f6glich gewesen. In der Vergangenheit wurde vielfach der Wunsch ge\u00e4u\u00dfert, die Status-Informationen auch in bestimmten F\u00fchrungseinrichtungen wie TEL, ELW, BefKW o.\u00e4. zu \u00fcbertragen.<\/p>\n<p>Am 08.12.2016 hat der Nutzerbeirat in seiner 12. Sitzung folgende Verfahrensweise festgelegt:<\/p>\n<ol>\n<li>Kommunale Nutzerorganisationen melden die ISSI des zu berechtigenden Endger\u00e4tes an den\/die zust\u00e4ndige(n) Landkreis\/kreisfreie Stadt.<\/li>\n<li>Die zust\u00e4ndige Gebietsk\u00f6rperschaft beauftragt bei der ASDN die Zuweisung der f\u00fcr sie relevanten Statusgruppe an das benannte Endger\u00e4t.<br \/>Hierf\u00fcr ist das unten zur Verf\u00fcgung gestellte Formular auszuf\u00fcllen, auszudrucken und mit Unterschrift im Original an die ASDN zu schicken.<\/li>\n<li>Die ASDN weist dem Endger\u00e4t die ben\u00f6tigte Status Rufgruppe dynamisch (\u00fcber die Luftschnittstelle) zu. Die Rufgruppe befindet sich in dem Rufgruppenordner dynamische Rufgruppen und kann dort ausgew\u00e4hlt werden. Der Statusempfang erfolgt nur wenn das Endger\u00e4t dieser Rufgruppe aktiv eingeschaltet ist.<\/li>\n<\/ol>\n<p>&nbsp;<\/p>\n<p>Hierf\u00fcr ist folgendes zu ber\u00fccksichtigen:<\/p>\n<ol>\n<li>Nach einer Neuprogrammierung des Funkger\u00e4tes ist die erneute Zuweisung der Statusgruppe durch die ASDN erforderlich. Hierf\u00fcr muss kein neues Formular ausgef\u00fcllt werden. Die Anforderung einer Neuzuweisung der Statusgruppe erfolgt vorzugsweise formlos per EMail an\u00a0<span id=\"cloakad7af2f740c1f5e7a1ffb83c886d6273\"><a href=\"mailto:asdn-ls@zpd.polizei.niedersachsen.de?subject=Neuzuweisung%20der%20Statusgruppe\">asdn-ls@zpd.polizei.niedersachsen.de<\/a><\/span>\u00a0oder telefonisch unter +49 511 9695-1500.<\/li>\n<li>Feuerwehren und Rettungsdienst einer Gebietsk\u00f6rperschaft nutzen eine gemeinsame Statusgruppe. Es findet keine Trennung nach Organisation statt. In den Gro\u00dfleitstellen wird aus technischen Gr\u00fcnden nur eine Statusgruppe bedient.Beispiel: In der GOL Oldenburg wird die Statusgruppe &lt;GOL_Status_N&gt; \u00fcberwacht. Feuerwehren und Rettungsdienste in den Gebietsk\u00f6rperschaften BRA, CLP, DEL, OL, OL# und WST senden ihre Statusmeldungen an diese Gruppe. Somit kann ein ELW der Feuerwehr Delmenhorst Statusmeldungen von Feuerwehr und Rettungsdienst aus\u00a0den oben genannten 5 Gebietsk\u00f6rperschaften ebenfalls empfangen.Aus diesem Grund ist es erforderlich, dass die beantragende Gebietsk\u00f6rperschaft der ASDN best\u00e4tigt, dass alle hiervon betroffenen Gebietsk\u00f6rperschaften ihre Zustimmung erteilt haben.<\/li>\n<li>Die ASDN beh\u00e4lt sich vor, die Zuweisung der Statusgruppe(n) bei Netzlastproblemen kurzfristig und tempor\u00e4r abzuschalten.<\/li>\n<li>Durch das betroffenen Endger\u00e4t, bzw. daran angeschlossene Applikation zur Statusauswertung darf nur ein reiner \u201eEmpfang\u201c der Statusmeldungen erfolgen. Ein Quittieren oder Senden von Statusmeldung oder Fernanweisungen darf nicht erfolgen, da diese Funktionalit\u00e4t der Leitstelle obliegt! Ebenfalls darf in die Rufgruppe nicht eingesprochen werden!F\u00fcr die besagte Funktionalit\u00e4t ist aus technisch\/organisatorischen Gr\u00fcnden eine dediziertes Funkger\u00e4t zu verwenden um Fehlbedienungen und \u2013Funktionen zu vermeiden!<\/li>\n<\/ol>\n<p style=\"text-align: center;\"><a href=\"https:\/\/10.100.225.65\/asdntechnik\/wp-content\/uploads\/sites\/7\/endgeraete_karten\/statusmeldungen\/Freigabe_Empfang_Statusmeldungen_FW_RW.pdf\" rel=\"attachment wp-att-2818\">Freigabe Empfang Statusmeldungen FW RW<\/a><\/p>\n<\/div>\n<p>[\/et_pb_text][\/et_pb_column][\/et_pb_row][\/et_pb_section]<\/p>\n","protected":false},"excerpt":{"rendered":"<p>Berechtigung zum Empfang von Statusmeldungen Der Empfang von Statusmeldungen ist bisher ausschlie\u00dflich in Leitstellen m\u00f6glich gewesen. In der Vergangenheit wurde vielfach der Wunsch ge\u00e4u\u00dfert, die Status-Informationen auch in bestimmten F\u00fchrungseinrichtungen wie TEL, ELW, BefKW o.\u00e4. zu \u00fcbertragen. Am 08.12.2016 hat der Nutzerbeirat in seiner 12. Sitzung folgende Verfahrensweise festgelegt: Kommunale Nutzerorganisationen melden die ISSI des [&hellip;]<\/p>\n","protected":false},"author":14,"featured_media":0,"parent":0,"menu_order":0,"comment_status":"closed","ping_status":"closed","template":"","meta":{"_et_pb_use_builder":"on","_et_pb_old_content":"<p>Statusmeldungen<\/p>","_et_gb_content_width":"","footnotes":""},"categories":[59,63],"tags":[73],"class_list":["post-1523","page","type-page","status-publish","hentry","category-endgeraete-und-karten","category-statusmeldungen","tag-endgeraete-und-karten"],"_links":{"self":[{"href":"https:\/\/www.digitalfunk.niedersachsen.de\/asdntechnik\/wp-json\/wp\/v2\/pages\/1523","targetHints":{"allow":["GET"]}}],"collection":[{"href":"https:\/\/www.digitalfunk.niedersachsen.de\/asdntechnik\/wp-json\/wp\/v2\/pages"}],"about":[{"href":"https:\/\/www.digitalfunk.niedersachsen.de\/asdntechnik\/wp-json\/wp\/v2\/types\/page"}],"author":[{"embeddable":true,"href":"https:\/\/www.digitalfunk.niedersachsen.de\/asdntechnik\/wp-json\/wp\/v2\/users\/14"}],"replies":[{"embeddable":true,"href":"https:\/\/www.digitalfunk.niedersachsen.de\/asdntechnik\/wp-json\/wp\/v2\/comments?post=1523"}],"version-history":[{"count":5,"href":"https:\/\/www.digitalfunk.niedersachsen.de\/asdntechnik\/wp-json\/wp\/v2\/pages\/1523\/revisions"}],"predecessor-version":[{"id":2824,"href":"https:\/\/www.digitalfunk.niedersachsen.de\/asdntechnik\/wp-json\/wp\/v2\/pages\/1523\/revisions\/2824"}],"wp:attachment":[{"href":"https:\/\/www.digitalfunk.niedersachsen.de\/asdntechnik\/wp-json\/wp\/v2\/media?parent=1523"}],"wp:term":[{"taxonomy":"category","embeddable":true,"href":"https:\/\/www.digitalfunk.niedersachsen.de\/asdntechnik\/wp-json\/wp\/v2\/categories?post=1523"},{"taxonomy":"post_tag","embeddable":true,"href":"https:\/\/www.digitalfunk.niedersachsen.de\/asdntechnik\/wp-json\/wp\/v2\/tags?post=1523"}],"curies":[{"name":"wp","href":"https:\/\/api.w.org\/{rel}","templated":true}]}}