{"id":294,"date":"2024-08-23T05:11:39","date_gmt":"2024-08-23T05:11:39","guid":{"rendered":"http:\/\/10.100.225.65\/wordpress\/app\/asdntechnik\/?page_id=294"},"modified":"2026-03-19T09:09:12","modified_gmt":"2026-03-19T08:09:12","slug":"login","status":"publish","type":"page","link":"https:\/\/www.digitalfunk.niedersachsen.de\/asdntechnik\/login\/","title":{"rendered":"Login"},"content":{"rendered":"<p>[et_pb_section fb_built=&#8220;1&#8243; _builder_version=&#8220;4.26.0&#8243; _module_preset=&#8220;default&#8220; global_colors_info=&#8220;{}&#8220; theme_builder_area=&#8220;post_content&#8220;][et_pb_row _builder_version=&#8220;4.26.0&#8243; _module_preset=&#8220;default&#8220; global_colors_info=&#8220;{}&#8220; theme_builder_area=&#8220;post_content&#8220;][et_pb_column type=&#8220;4_4&#8243; _builder_version=&#8220;4.26.0&#8243; _module_preset=&#8220;default&#8220; global_colors_info=&#8220;{}&#8220; theme_builder_area=&#8220;post_content&#8220;][et_pb_heading title=&#8220;Gesch\u00fctzter Bereich&#8220; _builder_version=&#8220;4.26.0&#8243; _module_preset=&#8220;default&#8220; global_colors_info=&#8220;{}&#8220; theme_builder_area=&#8220;post_content&#8220;][\/et_pb_heading][et_pb_text _builder_version=&#8220;4.27.4&#8243; _module_preset=&#8220;default&#8220; custom_padding=&#8220;3px|3px|3px|3px|true|true&#8220; border_width_all=&#8220;2px&#8220; border_color_all=&#8220;#E02B20&#8243; global_colors_info=&#8220;{}&#8220; theme_builder_area=&#8220;post_content&#8220;]<\/p>\n<p>Die Homepage wurde auf eine neue Plattform migriert. Ihre bisherigen Anmeldedaten sind nicht mehr g\u00fcltig. Bitte nutzen Sie die &#8222;<a href=\"https:\/\/www.digitalfunk.niedersachsen.de\/asdntechnik\/wp-login.php?action=lostpassword\">Passwort vergessen<\/a>&#8220; &#8211; Funktion, um sich mittels Ihrer hinterlegten E-MAIL-ADRESSE (NICHT der alte Benutzername) ein neues Kennwort zusenden zu lassen.<\/p>\n<p>[\/et_pb_text][et_pb_login title=&#8220;Anmeldung&#8220; _builder_version=&#8220;4.26.0&#8243; _module_preset=&#8220;default&#8220; global_colors_info=&#8220;{}&#8220; theme_builder_area=&#8220;post_content&#8220;]<\/p>\n<p>Gesch\u00fctzer Bereich Digitalfunk Niedersachsen<\/p>\n<p>[\/et_pb_login][et_pb_text _builder_version=&#8220;4.26.0&#8243; _module_preset=&#8220;default&#8220; global_colors_info=&#8220;{}&#8220; theme_builder_area=&#8220;post_content&#8220;]<\/p>\n<div class=\"icons\">Der Zugang zum gesch\u00fctzten Bereich ist nur erforderlich, um Zugriff auf die Daten f\u00fcr die dezentrale Programmierung von Endger\u00e4ten zu nehmen.<\/div>\n<div>\n<p>Die Ausbildungsunterlagen f\u00fcr Multiplikatoren und das Betriebshandbuch Digitalfunk BOS Niedersachsen stehen Ihnen im \u00f6ffentlichen Bereich zur Verf\u00fcgung.<\/p>\n<p>Sollte f\u00fcr Sie der Bedarf eines Zugangs bestehen, werden Sie gebeten, das folgende Formular vollst\u00e4ndig ausgef\u00fcllt an<br \/><span id=\"cloake54720d85edbb07b694f566a74f1ae28\"><a href=\"mailto:asdn-hp@zpd.polizei.niedersachsen.de\">asdn-hp@zpd.polizei.niedersachsen.de<\/a><\/span><br \/>zu senden. Bitte beachten Sie hierbei, dass der Genehmigungsprozess f\u00fcr einen Zugang einige Tage beansprucht und die Zahl der Zug\u00e4nge pro Organisation\/Dienststelle beschr\u00e4nkt ist.<\/p>\n<p>Sofern kein Bedarf mehr am Zugang zum gesch\u00fctzten Bereich besteht, senden Sie bitte dazu eine formlose E-Mail an die vorgenannte Adresse.<\/p>\n<\/div>\n<p>[\/et_pb_text][\/et_pb_column][\/et_pb_row][\/et_pb_section][et_pb_section fb_built=&#8220;1&#8243; disabled_on=&#8220;on|on|on&#8220; _builder_version=&#8220;4.16&#8243; disabled=&#8220;on&#8220; global_colors_info=&#8220;{}&#8220; theme_builder_area=&#8220;post_content&#8220;][et_pb_row _builder_version=&#8220;4.16&#8243; background_size=&#8220;initial&#8220; background_position=&#8220;top_left&#8220; background_repeat=&#8220;repeat&#8220; global_colors_info=&#8220;{}&#8220; theme_builder_area=&#8220;post_content&#8220;][et_pb_column type=&#8220;4_4&#8243; _builder_version=&#8220;4.16&#8243; custom_padding=&#8220;|||&#8220; global_colors_info=&#8220;{}&#8220; custom_padding__hover=&#8220;|||&#8220; theme_builder_area=&#8220;post_content&#8220;][et_pb_blog include_categories=&#8220;71&#8243; show_author=&#8220;off&#8220; show_date=&#8220;off&#8220; show_categories=&#8220;off&#8220; show_excerpt=&#8220;off&#8220; show_pagination=&#8220;off&#8220; admin_label=&#8220;Blog Beitr\u00e4ge grauer Rahmen, runde Ecke&#8220; module_class=&#8220; et-blog-css-grid&#8220; _builder_version=&#8220;4.27.4&#8243; _module_preset=&#8220;default&#8220; border_radii_fullwidth=&#8220;on|5px|5px|5px|5px&#8220; border_width_all_fullwidth=&#8220;1px&#8220; border_color_all_fullwidth=&#8220;#B3B3B3&#8243; global_colors_info=&#8220;{}&#8220; theme_builder_area=&#8220;post_content&#8220;][\/et_pb_blog][et_pb_code admin_label=&#8220;CSS Columns f\u00fcr BlogBeitrag&#8220; _builder_version=&#8220;4.26.0&#8243; _module_preset=&#8220;default&#8220; global_colors_info=&#8220;{}&#8220; theme_builder_area=&#8220;post_content&#8220;]<\/p>\n<style><!-- [et_pb_line_break_holder] -->.et-blog-css-grid > div {<!-- [et_pb_line_break_holder] -->  display: grid;<!-- [et_pb_line_break_holder] -->  grid-template-columns: repeat(auto-fill, minmax(200px, 1fr));<!-- [et_pb_line_break_holder] -->  gap: 20px;<!-- [et_pb_line_break_holder] -->  }<!-- [et_pb_line_break_holder] -->  .et_pb_post {<!-- [et_pb_line_break_holder] -->  padding: 5px;<!-- [et_pb_line_break_holder] -->}<!-- [et_pb_line_break_holder] -->  .entry-title {<!-- [et_pb_line_break_holder] -->    text-align:center;<!-- [et_pb_line_break_holder] -->  }<!-- [et_pb_line_break_holder] --><\/style>\n<p>[\/et_pb_code][\/et_pb_column][\/et_pb_row][\/et_pb_section]<\/p>\n","protected":false},"excerpt":{"rendered":"<p>Die Homepage wurde auf eine neue Plattform migriert. Ihre bisherigen Anmeldedaten sind nicht mehr g\u00fcltig. Bitte nutzen Sie die &#8222;Passwort vergessen&#8220; &#8211; Funktion, um sich mittels Ihrer hinterlegten E-MAIL-ADRESSE (NICHT der alte Benutzername) ein neues Kennwort zusenden zu lassen.Gesch\u00fctzer Bereich Digitalfunk NiedersachsenDer Zugang zum gesch\u00fctzten Bereich ist nur erforderlich, um Zugriff auf die Daten f\u00fcr [&hellip;]<\/p>\n","protected":false},"author":1,"featured_media":0,"parent":0,"menu_order":0,"comment_status":"closed","ping_status":"closed","template":"","meta":{"_et_pb_use_builder":"on","_et_pb_old_content":"","_et_gb_content_width":"","footnotes":""},"categories":[71],"tags":[],"class_list":["post-294","page","type-page","status-publish","hentry","category-geschlossener-benutzerbereich"],"_links":{"self":[{"href":"https:\/\/www.digitalfunk.niedersachsen.de\/asdntechnik\/wp-json\/wp\/v2\/pages\/294","targetHints":{"allow":["GET"]}}],"collection":[{"href":"https:\/\/www.digitalfunk.niedersachsen.de\/asdntechnik\/wp-json\/wp\/v2\/pages"}],"about":[{"href":"https:\/\/www.digitalfunk.niedersachsen.de\/asdntechnik\/wp-json\/wp\/v2\/types\/page"}],"author":[{"embeddable":true,"href":"https:\/\/www.digitalfunk.niedersachsen.de\/asdntechnik\/wp-json\/wp\/v2\/users\/1"}],"replies":[{"embeddable":true,"href":"https:\/\/www.digitalfunk.niedersachsen.de\/asdntechnik\/wp-json\/wp\/v2\/comments?post=294"}],"version-history":[{"count":18,"href":"https:\/\/www.digitalfunk.niedersachsen.de\/asdntechnik\/wp-json\/wp\/v2\/pages\/294\/revisions"}],"predecessor-version":[{"id":5292,"href":"https:\/\/www.digitalfunk.niedersachsen.de\/asdntechnik\/wp-json\/wp\/v2\/pages\/294\/revisions\/5292"}],"wp:attachment":[{"href":"https:\/\/www.digitalfunk.niedersachsen.de\/asdntechnik\/wp-json\/wp\/v2\/media?parent=294"}],"wp:term":[{"taxonomy":"category","embeddable":true,"href":"https:\/\/www.digitalfunk.niedersachsen.de\/asdntechnik\/wp-json\/wp\/v2\/categories?post=294"},{"taxonomy":"post_tag","embeddable":true,"href":"https:\/\/www.digitalfunk.niedersachsen.de\/asdntechnik\/wp-json\/wp\/v2\/tags?post=294"}],"curies":[{"name":"wp","href":"https:\/\/api.w.org\/{rel}","templated":true}]}}