{"id":3925,"date":"2025-10-09T07:36:00","date_gmt":"2025-10-09T05:36:00","guid":{"rendered":"https:\/\/www.digitalfunk.niedersachsen.de\/asdntechnik\/?page_id=3925"},"modified":"2026-02-13T09:55:08","modified_gmt":"2026-02-13T08:55:08","slug":"barrierefreiheitserklaerung","status":"publish","type":"page","link":"https:\/\/www.digitalfunk.niedersachsen.de\/asdntechnik\/barrierefreiheitserklaerung\/","title":{"rendered":"Barrierefreiheitserkl\u00e4rung"},"content":{"rendered":"<p>[et_pb_section fb_built=&#8220;1&#8243; admin_label=&#8220;section&#8220; _builder_version=&#8220;4.16&#8243; global_colors_info=&#8220;{}&#8220;][et_pb_row admin_label=&#8220;row&#8220; _builder_version=&#8220;4.16&#8243; background_size=&#8220;initial&#8220; background_position=&#8220;top_left&#8220; background_repeat=&#8220;repeat&#8220; global_colors_info=&#8220;{}&#8220;][et_pb_column type=&#8220;4_4&#8243; _builder_version=&#8220;4.16&#8243; custom_padding=&#8220;|||&#8220; global_colors_info=&#8220;{}&#8220; custom_padding__hover=&#8220;|||&#8220;][et_pb_blurb _builder_version=&#8220;4.27.4&#8243; _module_preset=&#8220;default&#8220; hover_enabled=&#8220;0&#8243; global_colors_info=&#8220;{}&#8220; sticky_enabled=&#8220;0&#8243;]<\/p>\n<h1>Barrierefreiheitserkl\u00e4rung der ASDN-Homepage<\/h1>\n<p>&nbsp;<\/p>\n<p>&nbsp;<\/p>\n<p>Die Autorisierte Stelle Digitalfunk Niedersachsen (ASDN) ist bem\u00fcht, ihre Webseite im Einklang mit den nationalen Rechtsvorschriften zur Umsetzung der Richtlinie (EU) 2016\/2102 des Europ\u00e4ischen Parlaments und des Rates barrierefrei zug\u00e4nglich zu machen.<\/p>\n<h2>Stand der Vereinbarkeit mit den Anforderungen<\/h2>\n<p>Diese Webseite ist teilweise mit den Vorgaben der Barrierefreie-Informationstechnik-Verordnung (BITV 2.0) vereinbar. Die Bewertung basiert auf einer internen Selbstpr\u00fcfung anhand der Checkliste zur Barrierefreiheit.<\/p>\n<h2>Nicht barrierefreie Inhalte<\/h2>\n<p>Die folgenden Inhalte wurden im Rahmen der internen Pr\u00fcfung als nicht barrierefrei identifiziert:<\/p>\n<table width=\"1063\">\n<tbody>\n<tr>\n<td width=\"476\">Sind Farben kontrastreich genug? (mind. 4,5:1)<\/td>\n<td width=\"265\">nein<\/td>\n<td width=\"196\">Contrast Checker (WebAIM)<\/td>\n<td width=\"125\">k.A.<\/td>\n<\/tr>\n<tr>\n<td width=\"476\">Ist die Schriftgr\u00f6\u00dfe flexibel skalierbar?<\/td>\n<td width=\"265\">nein<\/td>\n<td width=\"196\">Browser-Zoom<\/td>\n<td width=\"125\">\u00a0<\/td>\n<\/tr>\n<tr>\n<td width=\"476\">Gibt es Untertitel \/ Transkripte f\u00fcr eingebettete Videos?<\/td>\n<td width=\"265\">nein<\/td>\n<td width=\"196\">&#8211;<\/td>\n<td width=\"125\">nein<\/td>\n<\/tr>\n<tr>\n<td width=\"476\">L\u00e4sst sich die Seite vollst\u00e4ndig per Tastatur bedienen?<\/td>\n<td width=\"265\">nein<\/td>\n<td width=\"196\">\u00a0<\/td>\n<td width=\"125\">nein<\/td>\n<\/tr>\n<tr>\n<td width=\"476\">Gibt es sichtbare Fokusmarkierungen?<\/td>\n<td width=\"265\">nein<\/td>\n<td width=\"196\">Tastatur<\/td>\n<td width=\"125\">?<\/td>\n<\/tr>\n<tr>\n<td width=\"476\">Ist die Navigation konsistent (Men\u00fcs, Schaltfl\u00e4chen, Struktur)?<\/td>\n<td width=\"265\">ja<\/td>\n<td width=\"196\">&#8211;<\/td>\n<td width=\"125\">ja<\/td>\n<\/tr>\n<tr>\n<td width=\"476\">Sind die Texte klar und einfach formuliert?<\/td>\n<td width=\"265\">ja<\/td>\n<td width=\"196\">&#8211;<\/td>\n<td width=\"125\">ja<\/td>\n<\/tr>\n<tr>\n<td width=\"476\">Sind Links eindeutig beschriftet?<\/td>\n<td width=\"265\">nein<\/td>\n<td width=\"196\">&#8211;<\/td>\n<td width=\"125\">nein<\/td>\n<\/tr>\n<tr>\n<td width=\"476\">Werden Abk\u00fcrzungen erkl\u00e4rt?<\/td>\n<td width=\"265\">teilweise<\/td>\n<td width=\"196\">&#8211;<\/td>\n<td width=\"125\">nein<\/td>\n<\/tr>\n<tr>\n<td width=\"476\">Funktioniert die Seite mit Screenreadern (z.B. NVDA)?<\/td>\n<td width=\"265\">nein<\/td>\n<td width=\"196\">NVDA Screenreader<\/td>\n<td width=\"125\">?<\/td>\n<\/tr>\n<tr>\n<td width=\"476\">Ist der HTML-Code valide (W3C-Validator)?<\/td>\n<td width=\"265\">nein<\/td>\n<td width=\"196\">W3C Validator<\/td>\n<td width=\"125\">?<\/td>\n<\/tr>\n<tr>\n<td width=\"476\">Sind Formulare beschriftet (Label mit Eingabefeld verbunden)?<\/td>\n<td width=\"265\">nein<\/td>\n<td width=\"196\">Browser-Entwicklertools<\/td>\n<td width=\"125\">?<\/td>\n<\/tr>\n<tr>\n<td width=\"476\">Sind PDF-Dokumente getaggt (\u00dcberschriften, Lesereihenfolge, Alternativtexte)?<\/td>\n<td width=\"265\">nein<\/td>\n<td width=\"196\">Adobe Acrobat Pro<\/td>\n<td width=\"125\">?<\/td>\n<\/tr>\n<tr>\n<td width=\"476\">L\u00e4sst sich der Text im PDF markieren und vorlesen?<\/td>\n<td width=\"265\">nein<\/td>\n<td width=\"196\">PDF-Viewer<\/td>\n<td width=\"125\">\u00a0<\/td>\n<\/tr>\n<tr>\n<td width=\"476\">\u00a0<\/td>\n<td width=\"265\">\u00a0<\/td>\n<td width=\"196\">\u00a0<\/td>\n<td width=\"125\">\u00a0<\/td>\n<\/tr>\n<tr>\n<td width=\"476\">\u00a0<\/td>\n<td width=\"265\">\u00a0<\/td>\n<td width=\"196\">\u00a0<\/td>\n<td width=\"125\">\u00a0<\/td>\n<\/tr>\n<\/tbody>\n<\/table>\n<p>Die Einhaltung einiger der Vorgaben der Barrierefreiheit stellt gem. \u00a712aBGG eine unverh\u00e4ltnism\u00e4\u00dfige Belastung dar. \u00a0Aufgrund dessen wird auf \u00a0eine Beschreibung der Bilder auf dieser Homepage verzichtet, genauso wie auf die Audiodeskription (AD) (erg\u00e4nzende Tonspur, die blinden und sehbehinderten Menschen visuelle Inhalte wie Filme, Theaterst\u00fccke oder Ausstellungen zug\u00e4nglich macht, indem sie wichtige Handlungs-, Personen- und Ortsbeschreibungen sowie Gestik und Mimik \u00fcber eine zus\u00e4tzliche Tonspur wiedergibt) von Videos. Auch gibt es keine Videos in Geb\u00e4rdensprache.<\/p>\n<p>Die Behebung aller anderen dieser M\u00e4ngel ist geplant. Eine kontinuierliche Verbesserung der Barrierefreiheit ist vorgesehen.<\/p>\n<h2>Erstellung dieser Erkl\u00e4rung<\/h2>\n<p>Diese Erkl\u00e4rung wurde am [Datum einsetzen] erstellt.<\/p>\n<p>Die Bewertung der Barrierefreiheit erfolgte auf Grundlage einer internen Selbstbewertung.<\/p>\n<p>Die Erkl\u00e4rung wurde zuletzt am [Datum einsetzen] aktualisiert.<\/p>\n<h2>Feedback und Kontakt<\/h2>\n<p>Sollten Ihnen M\u00e4ngel in Bezug auf die barrierefreie Gestaltung unserer Webseite auffallen, wenden Sie sich bitte an:<\/p>\n<p>Autorisierte Stelle Digitalfunk Niedersachsen(ASDN)<\/p>\n<p>E-Mail: asdn@zpd.polizei.niedersachsen.de<\/p>\n<p>Telefon: 0511\/9695-4401<\/p>\n<h2>Schlichtungsverfahren<\/h2>\n<p>Falls Sie der Auffassung sind, durch eine nicht ausreichende barrierefreie Gestaltung unserer Webseite benachteiligt zu sein, k\u00f6nnen Sie sich an die Schlichtungsstelle nach \u00a7 16 BGG wenden:<\/p>\n<p>Schlichtungsstelle nach dem Behindertengleichstellungsgesetz<br \/>bei dem Beauftragten der Bundesregierung f\u00fcr die Belange von Menschen mit Behinderungen<br \/>Mauerstra\u00dfe 53<br \/>10117 Berlin<\/p>\n<p>E-Mail: info@schlichtungsstelle-bgg.de<br \/>Internet: www.schlichtungsstelle-bgg.de<\/p>\n<p>[\/et_pb_blurb][\/et_pb_column][\/et_pb_row][\/et_pb_section]<\/p>\n","protected":false},"excerpt":{"rendered":"<p>Barrierefreiheitserkl\u00e4rung der ASDN-Homepage &nbsp; &nbsp; Die Autorisierte Stelle Digitalfunk Niedersachsen (ASDN) ist bem\u00fcht, ihre Webseite im Einklang mit den nationalen Rechtsvorschriften zur Umsetzung der Richtlinie (EU) 2016\/2102 des Europ\u00e4ischen Parlaments und des Rates barrierefrei zug\u00e4nglich zu machen. Stand der Vereinbarkeit mit den Anforderungen Diese Webseite ist teilweise mit den Vorgaben der Barrierefreie-Informationstechnik-Verordnung (BITV 2.0) vereinbar. [&hellip;]<\/p>\n","protected":false},"author":14,"featured_media":0,"parent":0,"menu_order":0,"comment_status":"closed","ping_status":"closed","template":"","meta":{"_et_pb_use_builder":"on","_et_pb_old_content":"","_et_gb_content_width":"","footnotes":""},"categories":[],"tags":[],"class_list":["post-3925","page","type-page","status-publish","hentry"],"_links":{"self":[{"href":"https:\/\/www.digitalfunk.niedersachsen.de\/asdntechnik\/wp-json\/wp\/v2\/pages\/3925","targetHints":{"allow":["GET"]}}],"collection":[{"href":"https:\/\/www.digitalfunk.niedersachsen.de\/asdntechnik\/wp-json\/wp\/v2\/pages"}],"about":[{"href":"https:\/\/www.digitalfunk.niedersachsen.de\/asdntechnik\/wp-json\/wp\/v2\/types\/page"}],"author":[{"embeddable":true,"href":"https:\/\/www.digitalfunk.niedersachsen.de\/asdntechnik\/wp-json\/wp\/v2\/users\/14"}],"replies":[{"embeddable":true,"href":"https:\/\/www.digitalfunk.niedersachsen.de\/asdntechnik\/wp-json\/wp\/v2\/comments?post=3925"}],"version-history":[{"count":5,"href":"https:\/\/www.digitalfunk.niedersachsen.de\/asdntechnik\/wp-json\/wp\/v2\/pages\/3925\/revisions"}],"predecessor-version":[{"id":4879,"href":"https:\/\/www.digitalfunk.niedersachsen.de\/asdntechnik\/wp-json\/wp\/v2\/pages\/3925\/revisions\/4879"}],"wp:attachment":[{"href":"https:\/\/www.digitalfunk.niedersachsen.de\/asdntechnik\/wp-json\/wp\/v2\/media?parent=3925"}],"wp:term":[{"taxonomy":"category","embeddable":true,"href":"https:\/\/www.digitalfunk.niedersachsen.de\/asdntechnik\/wp-json\/wp\/v2\/categories?post=3925"},{"taxonomy":"post_tag","embeddable":true,"href":"https:\/\/www.digitalfunk.niedersachsen.de\/asdntechnik\/wp-json\/wp\/v2\/tags?post=3925"}],"curies":[{"name":"wp","href":"https:\/\/api.w.org\/{rel}","templated":true}]}}