{"id":3931,"date":"2025-10-09T07:37:20","date_gmt":"2025-10-09T05:37:20","guid":{"rendered":"https:\/\/www.digitalfunk.niedersachsen.de\/asdntechnik\/?page_id=3931"},"modified":"2026-02-13T09:53:04","modified_gmt":"2026-02-13T08:53:04","slug":"datenschutz","status":"publish","type":"page","link":"https:\/\/www.digitalfunk.niedersachsen.de\/asdntechnik\/datenschutz\/","title":{"rendered":"Datenschutz"},"content":{"rendered":"<p>[et_pb_section fb_built=&#8220;1&#8243; admin_label=&#8220;section&#8220; _builder_version=&#8220;4.16&#8243; global_colors_info=&#8220;{}&#8220;][et_pb_row admin_label=&#8220;row&#8220; _builder_version=&#8220;4.16&#8243; background_size=&#8220;initial&#8220; background_position=&#8220;top_left&#8220; background_repeat=&#8220;repeat&#8220; global_colors_info=&#8220;{}&#8220;][et_pb_column type=&#8220;4_4&#8243; _builder_version=&#8220;4.16&#8243; custom_padding=&#8220;|||&#8220; global_colors_info=&#8220;{}&#8220; custom_padding__hover=&#8220;|||&#8220;][et_pb_text _builder_version=&#8220;4.27.4&#8243; _module_preset=&#8220;default&#8220; hover_enabled=&#8220;0&#8243; global_colors_info=&#8220;{}&#8220; sticky_enabled=&#8220;0&#8243;]<\/p>\n<div class=\"page-header\">\n<h2>Datenschutz<\/h2>\n<\/div>\n<div class=\"icons\">\n<div class=\"btn-group pull-right\">\u00a0<\/div>\n<\/div>\n<div class=\"icons\">\n<div class=\"btn-group pull-right\">\u00a0<\/div>\n<\/div>\n<div>\n<p><strong>Datenschutzerkl\u00e4rung <\/strong><\/p>\n<p>&nbsp;<\/p>\n<p>Die Datenschutz-Grundverordnung (DSGVO) gilt gem\u00e4\u00df Art. 2 Absatz 1 \u201ef\u00fcr die ganz oder teilweise automatisierte Verarbeitung personenbezogener Daten, die in einem Dateisystem gespeichert sind oder gespeichert werden sollen.&#8220;<\/p>\n<p>Der Betrieb einer Webseite f\u00fchrt in jedem Fall zur automatisierten Verarbeitung personenbezogener Daten. An dieser Stelle informieren wir Sie entsprechend unserer gesetzlichen Verpflichtung gem\u00e4\u00df Art. 13 DSGVO.<\/p>\n<p>Verantwortlich f\u00fcr die Datenverarbeitung durch diese Webseite ist:<\/p>\n<p>Zentrale Polizeidirektion Niedersachen<br \/>Herr Roger Fladung<br \/>Tannenbergallee 11<br \/>30163 Hannover<\/p>\n<p>Die Kontaktdaten des Datenschutzbeauftragten der Zentralen Polizeidirektion Niedersachsen lauten:<\/p>\n<p>Beh\u00f6rdlicher Datenschutzbeauftragter<br \/>Tannenbergallee 11<br \/>30163 Hannover<\/p>\n<p><span id=\"cloak59c599261ccfcb38610de874e1990170\"><a href=\"mailto:datenschutz@zpd.polizei.niedersachsen.de\">datenschutz@zpd.polizei.niedersachsen.de<\/a><\/span><\/p>\n<p>Um Kommunikation im Internet zu erm\u00f6glichen, m\u00fcssen Daten von dem Server, auf dem sie gespeichert sind, zu dem angeschlossenen Computer gelangen, der auf die Inhalte zugreifen m\u00f6chte. Hierzu muss mit der Anfrage, die Daten abzurufen, auch mitgeteilt werden, an welchen Empf\u00e4nger die Information vom Server \u00fcbermittelt werden soll. Zu diesem Zwecke sind allen mit dem Internet verbundenen Ger\u00e4ten sog. IP-Adressen zugeordnet. Die \u00dcbermittlung der IP-Adresse erfolgt beim Aufruf einer Internetseite automatisch durch den Browser des Nutzers.<\/p>\n<p>Zu diesem Zweck werden die IP-Adressen der Nutzer, die die Webseite der Autorisierten Stelle Digitalfunk Niedersachsen (ASDN) aufrufen, sowie die durch den Browser \u00fcbermittelten Daten durch die ZPD Niedersachsen verarbeitet.<\/p>\n<p>Die Verarbeitung erfolgt zur Erf\u00fcllung der Aufgaben nach Art. 6 Absatz 1 lit. e in Verbindung mit Art. 57 DSGVO. Die Daten werden entsprechend der rechtlichen Vorgaben gespeichert.<\/p>\n<p><strong>Webseiten-Analyse<\/strong><\/p>\n<p>Die Webseite verwendet sog. \u201eCookies&#8220;. Das sind Textdateien, die auf Ihrem Computer gespeichert werden und die Nutzung und unsererseits eine Analyse der Benutzung der Webseite erm\u00f6glichen. Zu diesem Zweck werden die durch den Cookie erzeugten Nutzungsinformationen an unseren Server \u00fcbertragen und gespeichert. Die Auswertung der Cookies dient der Webseitenoptimierung. Ihre IP-Adresse wird bei diesem Vorgang nur gek\u00fcrzt \u00fcbermittelt und dadurch anonymisiert, so dass Sie als Nutzer f\u00fcr uns anonym bleiben. Die durch den Cookie erzeugten Informationen \u00fcber Ihre Benutzung dieser Webseite werden nicht an Dritte weitergegeben. Sie k\u00f6nnen die Verwendung der Cookies durch eine entsprechende Einstellung Ihrer Browser Software verhindern. Es kann jedoch sein, dass Sie in diesem Fall gegebenenfalls nicht s\u00e4mtliche Funktionen dieser Webseite vollumf\u00e4nglich nutzen k\u00f6nnen.<\/p>\n<p><strong>Einbindung Dienstleister<\/strong><\/p>\n<p>Die Webseite wird durch Auftragsverarbeiter technisch betreut. Das bedeutet, dass alle personenbezogen Daten auch an diese \u00fcbermittelt werden k\u00f6nnen. Bei den Auftragsverarbeitern handelt es sich um einen Host-Provider, dem IT.Niedersachsen (Zurverf\u00fcgungstellung der technischen Infrastruktur). Eine \u00dcbermittlung personenbezogener Daten, die bei der Nutzung der Webseite verarbeitet werden, an Dritte findet nicht statt.<\/p>\n<p><strong>Kontaktformular<\/strong><\/p>\n<p>Sofern Sie die angebotenen Formulare zur Kontaktaufnahme nicht nutzen, findet keine dar\u00fcber hinausgehende Verarbeitung personenbezogener Daten durch die Nutzung dieser Webseite statt. Soweit Sie ein von uns angebotenes Webformular nutzen und uns darin personenbezogene Daten mitteilen oder Sie sich per E-Mail an uns wenden, werden wir Ihre personenbezogenen Daten allein zum Zweck der Bearbeitung Ihrer Anfrage oder die Versendung unseres Newsletters (nach schriftlicher Anmeldung f\u00fcr diesen) verarbeiten.<\/p>\n<p><strong>Rechte der Nutzer (betroffenen Personen)<\/strong><\/p>\n<p>Sie haben der Zentralen Polizeidirektion Niedersachsen gegen\u00fcber hinsichtlich der Datenverarbeitung auf dieser Webseite folgende Rechte:<\/p>\n<p>Auskunft: Sie haben das Recht, eine Best\u00e4tigung dar\u00fcber zu verlangen, ob Sie betreffende personenbezogene Daten verarbeitet werden; ist dies der Fall, so haben Sie ein Recht auf Auskunft \u00fcber diese personenbezogenen Daten und auf die in Art. 15 DSGVO im einzelnen aufgef\u00fchrten Informationen.<\/p>\n<p>Berichtigung: Sie haben das Recht, unverz\u00fcglich die Berichtigung Sie betreffender unrichtiger personenbezogener Daten und ggf. die Vervollst\u00e4ndigung unvollst\u00e4ndiger personenbezogener Daten zu verlangen (Art. 16 DSGVO).<\/p>\n<p>L\u00f6schung: Sie haben das Recht, zu verlangen, dass Sie betreffende personenbezogene Daten unverz\u00fcglich gel\u00f6scht werden, sofern einer der in Art. 17 DSGVO im einzelnen aufgef\u00fchrten Gr\u00fcnde zutrifft, z. B. wenn die Daten f\u00fcr die verfolgten Zwecke nicht mehr ben\u00f6tigt werden und die gesetzlichen Aufbewahrungs- und Archivvorschriften einer L\u00f6schung nicht entgegenstehen.<\/p>\n<p>Einschr\u00e4nkung der Verarbeitung: Sie haben das Recht, die Einschr\u00e4nkung der Verarbeitung zu verlangen, wenn eine der in Art. 18 DSGVO aufgef\u00fchrten Voraussetzungen gegeben ist, z. B. wenn Sie Widerspruch gegen die Verarbeitung eingelegt haben, f\u00fcr die Dauer der Pr\u00fcfung, ob dem Widerspruch statt gegeben werden kann.<\/p>\n<p>Daten\u00fcbertragbarkeit: Sie haben gem\u00e4\u00df Art. 20 DSGVO das Recht, die uns aufgrund Ihrer Einwilligung freiwillig zur Verf\u00fcgung gestellten und elektronisch verarbeiteten Daten in einem strukturierten, g\u00e4ngigen und maschinen-lesbaren Format zu erhalten, sodass Sie diese Daten einem anderen Verantwortlichen zur Verf\u00fcgung stellen k\u00f6nnen.<\/p>\n<p>Widerspruch: Sie haben das Recht, aus Gr\u00fcnden, die sich aus Ihrer besonderen Situation ergeben, jederzeit im Rahmen der Voraussetzungen des Art. 21 DSGVO gegen die Verarbeitung Sie betreffender personenbezogener Daten Widerspruch einzulegen.<\/p>\n<table border=\"0\" cellspacing=\"3\" cellpadding=\"0\">\n<tbody>\n<tr>\n<td colspan=\"2\">Zentrale Polizeidirektion Niedersachen<br \/>Tannenbergallee 11<br \/>30163 Hannover<\/td>\n<\/tr>\n<tr>\n<td>Telefon<\/td>\n<td>0511-9695-0<\/td>\n<\/tr>\n<tr>\n<td>\u00a0<\/td>\n<td>\u00a0<\/td>\n<\/tr>\n<\/tbody>\n<\/table>\n<\/div>\n<p>[\/et_pb_text][\/et_pb_column][\/et_pb_row][\/et_pb_section]<\/p>\n","protected":false},"excerpt":{"rendered":"<p>Datenschutz \u00a0 \u00a0 Datenschutzerkl\u00e4rung &nbsp; Die Datenschutz-Grundverordnung (DSGVO) gilt gem\u00e4\u00df Art. 2 Absatz 1 \u201ef\u00fcr die ganz oder teilweise automatisierte Verarbeitung personenbezogener Daten, die in einem Dateisystem gespeichert sind oder gespeichert werden sollen.&#8220; Der Betrieb einer Webseite f\u00fchrt in jedem Fall zur automatisierten Verarbeitung personenbezogener Daten. An dieser Stelle informieren wir Sie entsprechend unserer gesetzlichen [&hellip;]<\/p>\n","protected":false},"author":14,"featured_media":0,"parent":0,"menu_order":0,"comment_status":"closed","ping_status":"closed","template":"","meta":{"_et_pb_use_builder":"on","_et_pb_old_content":"","_et_gb_content_width":"","footnotes":""},"categories":[],"tags":[],"class_list":["post-3931","page","type-page","status-publish","hentry"],"_links":{"self":[{"href":"https:\/\/www.digitalfunk.niedersachsen.de\/asdntechnik\/wp-json\/wp\/v2\/pages\/3931","targetHints":{"allow":["GET"]}}],"collection":[{"href":"https:\/\/www.digitalfunk.niedersachsen.de\/asdntechnik\/wp-json\/wp\/v2\/pages"}],"about":[{"href":"https:\/\/www.digitalfunk.niedersachsen.de\/asdntechnik\/wp-json\/wp\/v2\/types\/page"}],"author":[{"embeddable":true,"href":"https:\/\/www.digitalfunk.niedersachsen.de\/asdntechnik\/wp-json\/wp\/v2\/users\/14"}],"replies":[{"embeddable":true,"href":"https:\/\/www.digitalfunk.niedersachsen.de\/asdntechnik\/wp-json\/wp\/v2\/comments?post=3931"}],"version-history":[{"count":3,"href":"https:\/\/www.digitalfunk.niedersachsen.de\/asdntechnik\/wp-json\/wp\/v2\/pages\/3931\/revisions"}],"predecessor-version":[{"id":4877,"href":"https:\/\/www.digitalfunk.niedersachsen.de\/asdntechnik\/wp-json\/wp\/v2\/pages\/3931\/revisions\/4877"}],"wp:attachment":[{"href":"https:\/\/www.digitalfunk.niedersachsen.de\/asdntechnik\/wp-json\/wp\/v2\/media?parent=3931"}],"wp:term":[{"taxonomy":"category","embeddable":true,"href":"https:\/\/www.digitalfunk.niedersachsen.de\/asdntechnik\/wp-json\/wp\/v2\/categories?post=3931"},{"taxonomy":"post_tag","embeddable":true,"href":"https:\/\/www.digitalfunk.niedersachsen.de\/asdntechnik\/wp-json\/wp\/v2\/tags?post=3931"}],"curies":[{"name":"wp","href":"https:\/\/api.w.org\/{rel}","templated":true}]}}