{"id":3937,"date":"2025-10-09T07:38:21","date_gmt":"2025-10-09T05:38:21","guid":{"rendered":"https:\/\/www.digitalfunk.niedersachsen.de\/asdntechnik\/?page_id=3937"},"modified":"2025-12-04T09:23:22","modified_gmt":"2025-12-04T08:23:22","slug":"konktakt","status":"publish","type":"page","link":"https:\/\/www.digitalfunk.niedersachsen.de\/asdntechnik\/konktakt\/","title":{"rendered":"Kontakt"},"content":{"rendered":"<p>[et_pb_section fb_built=&#8220;1&#8243; admin_label=&#8220;section&#8220; _builder_version=&#8220;4.16&#8243; global_colors_info=&#8220;{}&#8220;][et_pb_row admin_label=&#8220;row&#8220; _builder_version=&#8220;4.16&#8243; background_size=&#8220;initial&#8220; background_position=&#8220;top_left&#8220; background_repeat=&#8220;repeat&#8220; global_colors_info=&#8220;{}&#8220;][et_pb_column type=&#8220;4_4&#8243; _builder_version=&#8220;4.16&#8243; custom_padding=&#8220;|||&#8220; global_colors_info=&#8220;{}&#8220; custom_padding__hover=&#8220;|||&#8220;][et_pb_text admin_label=&#8220;Kontakt-Daten&#8220; _builder_version=&#8220;4.27.4&#8243; _module_preset=&#8220;default&#8220; global_colors_info=&#8220;{}&#8220;]<\/p>\n<div class=\"page-header\">\n<h2>Kontakt<\/h2>\n<\/div>\n<div class=\"icons\">\n<div class=\"btn-group pull-right\"><\/div>\n<\/div>\n<div id=\"jm-maincontent\">\n<div class=\"item-page\">\n<div class=\"icons\">\n<div class=\"btn-group pull-right\"><\/div>\n<\/div>\n<div>\n<p>Haben Sie noch Fragen oder Anregungen zu unserem Internetauftritt?<\/p>\n<p>Dann wenden Sie sich bitte an das<\/p>\n<p><strong>Redaktionsteam<br \/>Digitalfunk BOS Niedersachsen<\/strong><br \/>Zentrale Polizeidirektion Niedersachsen<br \/>Tannenbergallee 11<br \/>30163 Hannover<\/p>\n<p>Tel: +49 511-9695-4401<\/p>\n<p>Fax: +49 511 9695-613853<\/p>\n<p>oder nutzen Sie das nachfolgende Kontaktformular<\/p>\n<p>&nbsp;<\/p>\n<p>&nbsp;<\/p>\n<div class=\"attachmentsContainer\">\n<div id=\"attachmentsList_com_content_default_554\" class=\"attachmentsList\"><\/div>\n<\/div>\n<\/div>\n<\/div>\n<\/div>\n<div id=\"jm-content-bottom\" class=\"\">\n<div class=\"jm-module \">\n<div class=\"jm-module-in\">\n<div class=\"jm-module-content clearfix notitle\">\n<div class=\"mod_sef\"><\/div>\n<\/div>\n<\/div>\n<\/div>\n<\/div>\n<p>[\/et_pb_text][et_pb_contact_form email=&#8220;asdn-hp@zpd.polizei.niedersachsen.de&#8220; title=&#8220;Kontakt &#8211; Formular&#8220; custom_message=&#8220;Kontakformular Homepage||et_pb_line_break_holder||||et_pb_line_break_holder||%%Name%%||et_pb_line_break_holder||&#8212;&#8212;&#8212;&#8212;&#8212;&#8212;&#8212;&#8211;||et_pb_line_break_holder||%%Email%%||et_pb_line_break_holder||&#8212;&#8212;&#8212;&#8212;&#8212;&#8212;&#8212;&#8211;||et_pb_line_break_holder||%%Message%%&#8220; success_message=&#8220;Vielen Dank f\u00fcr Ihre Nachricht.&#8220; submit_button_text=&#8220;Senden&#8220; disabled_on=&#8220;off|off|off&#8220; _builder_version=&#8220;4.27.4&#8243; _module_preset=&#8220;default&#8220; _unique_id=&#8220;20f7e0cd-9691-4607-8ea8-aa35a89dac56&#8243; hover_enabled=&#8220;0&#8243; global_colors_info=&#8220;{}&#8220; sticky_enabled=&#8220;0&#8243;][et_pb_contact_field field_id=&#8220;Name&#8220; field_title=&#8220;Name&#8220; _builder_version=&#8220;4.16&#8243; global_colors_info=&#8220;{}&#8220; button_text_size__hover_enabled=&#8220;off&#8220; button_one_text_size__hover_enabled=&#8220;off&#8220; button_two_text_size__hover_enabled=&#8220;off&#8220; button_text_color__hover_enabled=&#8220;off&#8220; button_one_text_color__hover_enabled=&#8220;off&#8220; button_two_text_color__hover_enabled=&#8220;off&#8220; button_border_width__hover_enabled=&#8220;off&#8220; button_one_border_width__hover_enabled=&#8220;off&#8220; button_two_border_width__hover_enabled=&#8220;off&#8220; button_border_color__hover_enabled=&#8220;off&#8220; button_one_border_color__hover_enabled=&#8220;off&#8220; button_two_border_color__hover_enabled=&#8220;off&#8220; button_border_radius__hover_enabled=&#8220;off&#8220; button_one_border_radius__hover_enabled=&#8220;off&#8220; button_two_border_radius__hover_enabled=&#8220;off&#8220; button_letter_spacing__hover_enabled=&#8220;off&#8220; button_one_letter_spacing__hover_enabled=&#8220;off&#8220; button_two_letter_spacing__hover_enabled=&#8220;off&#8220; button_bg_color__hover_enabled=&#8220;off&#8220; button_one_bg_color__hover_enabled=&#8220;off&#8220; button_two_bg_color__hover_enabled=&#8220;off&#8220;][\/et_pb_contact_field][et_pb_contact_field field_id=&#8220;Email&#8220; field_title=&#8220;Email Addresse&#8220; field_type=&#8220;email&#8220; _builder_version=&#8220;4.27.4&#8243; global_colors_info=&#8220;{}&#8220; button_text_size__hover_enabled=&#8220;off&#8220; button_one_text_size__hover_enabled=&#8220;off&#8220; button_two_text_size__hover_enabled=&#8220;off&#8220; button_text_color__hover_enabled=&#8220;off&#8220; button_one_text_color__hover_enabled=&#8220;off&#8220; button_two_text_color__hover_enabled=&#8220;off&#8220; button_border_width__hover_enabled=&#8220;off&#8220; button_one_border_width__hover_enabled=&#8220;off&#8220; button_two_border_width__hover_enabled=&#8220;off&#8220; button_border_color__hover_enabled=&#8220;off&#8220; button_one_border_color__hover_enabled=&#8220;off&#8220; button_two_border_color__hover_enabled=&#8220;off&#8220; button_border_radius__hover_enabled=&#8220;off&#8220; button_one_border_radius__hover_enabled=&#8220;off&#8220; button_two_border_radius__hover_enabled=&#8220;off&#8220; button_letter_spacing__hover_enabled=&#8220;off&#8220; button_one_letter_spacing__hover_enabled=&#8220;off&#8220; button_two_letter_spacing__hover_enabled=&#8220;off&#8220; button_bg_color__hover_enabled=&#8220;off&#8220; button_one_bg_color__hover_enabled=&#8220;off&#8220; button_two_bg_color__hover_enabled=&#8220;off&#8220;][\/et_pb_contact_field][et_pb_contact_field field_id=&#8220;Message&#8220; field_title=&#8220;Nachricht&#8220; field_type=&#8220;text&#8220; fullwidth_field=&#8220;on&#8220; _builder_version=&#8220;4.27.4&#8243; global_colors_info=&#8220;{}&#8220; button_text_size__hover_enabled=&#8220;off&#8220; button_one_text_size__hover_enabled=&#8220;off&#8220; button_two_text_size__hover_enabled=&#8220;off&#8220; button_text_color__hover_enabled=&#8220;off&#8220; button_one_text_color__hover_enabled=&#8220;off&#8220; button_two_text_color__hover_enabled=&#8220;off&#8220; button_border_width__hover_enabled=&#8220;off&#8220; button_one_border_width__hover_enabled=&#8220;off&#8220; button_two_border_width__hover_enabled=&#8220;off&#8220; button_border_color__hover_enabled=&#8220;off&#8220; button_one_border_color__hover_enabled=&#8220;off&#8220; button_two_border_color__hover_enabled=&#8220;off&#8220; button_border_radius__hover_enabled=&#8220;off&#8220; button_one_border_radius__hover_enabled=&#8220;off&#8220; button_two_border_radius__hover_enabled=&#8220;off&#8220; button_letter_spacing__hover_enabled=&#8220;off&#8220; button_one_letter_spacing__hover_enabled=&#8220;off&#8220; button_two_letter_spacing__hover_enabled=&#8220;off&#8220; button_bg_color__hover_enabled=&#8220;off&#8220; button_one_bg_color__hover_enabled=&#8220;off&#8220; button_two_bg_color__hover_enabled=&#8220;off&#8220;][\/et_pb_contact_field][\/et_pb_contact_form][et_pb_text admin_label=&#8220;Disclaimer&#8220; _builder_version=&#8220;4.27.4&#8243; _module_preset=&#8220;default&#8220; global_colors_info=&#8220;{}&#8220;]<\/p>\n<p><strong style=\"font-size: 14px;\">Mit Abgabe dieses Kontaktformulars erkl\u00e4re ich mein Einverst\u00e4ndnis, dass meine angegebenen personenbezogenen Daten von bei der ASDN besch\u00e4ftigten Personen erhoben, verarbeitet und gespeichert werden d\u00fcrfen, um den Kontakt zu mir zu erm\u00f6glichen und gew\u00e4hrleisten. Meine Daten d\u00fcrfen nicht an Dritte weitergegeben werden.<\/strong><\/p>\n<p>[\/et_pb_text][\/et_pb_column][\/et_pb_row][\/et_pb_section]<\/p>\n","protected":false},"excerpt":{"rendered":"<p>Kontakt Haben Sie noch Fragen oder Anregungen zu unserem Internetauftritt? Dann wenden Sie sich bitte an das RedaktionsteamDigitalfunk BOS NiedersachsenZentrale Polizeidirektion NiedersachsenTannenbergallee 1130163 Hannover Tel: +49 511-9695-4401 Fax: +49 511 9695-613853 oder nutzen Sie das nachfolgende Kontaktformular &nbsp; &nbsp; Mit Abgabe dieses Kontaktformulars erkl\u00e4re ich mein Einverst\u00e4ndnis, dass meine angegebenen personenbezogenen Daten von bei der [&hellip;]<\/p>\n","protected":false},"author":14,"featured_media":0,"parent":0,"menu_order":0,"comment_status":"closed","ping_status":"closed","template":"","meta":{"_et_pb_use_builder":"on","_et_pb_old_content":"","_et_gb_content_width":"","footnotes":""},"categories":[],"tags":[],"class_list":["post-3937","page","type-page","status-publish","hentry"],"_links":{"self":[{"href":"https:\/\/www.digitalfunk.niedersachsen.de\/asdntechnik\/wp-json\/wp\/v2\/pages\/3937","targetHints":{"allow":["GET"]}}],"collection":[{"href":"https:\/\/www.digitalfunk.niedersachsen.de\/asdntechnik\/wp-json\/wp\/v2\/pages"}],"about":[{"href":"https:\/\/www.digitalfunk.niedersachsen.de\/asdntechnik\/wp-json\/wp\/v2\/types\/page"}],"author":[{"embeddable":true,"href":"https:\/\/www.digitalfunk.niedersachsen.de\/asdntechnik\/wp-json\/wp\/v2\/users\/14"}],"replies":[{"embeddable":true,"href":"https:\/\/www.digitalfunk.niedersachsen.de\/asdntechnik\/wp-json\/wp\/v2\/comments?post=3937"}],"version-history":[{"count":9,"href":"https:\/\/www.digitalfunk.niedersachsen.de\/asdntechnik\/wp-json\/wp\/v2\/pages\/3937\/revisions"}],"predecessor-version":[{"id":4742,"href":"https:\/\/www.digitalfunk.niedersachsen.de\/asdntechnik\/wp-json\/wp\/v2\/pages\/3937\/revisions\/4742"}],"wp:attachment":[{"href":"https:\/\/www.digitalfunk.niedersachsen.de\/asdntechnik\/wp-json\/wp\/v2\/media?parent=3937"}],"wp:term":[{"taxonomy":"category","embeddable":true,"href":"https:\/\/www.digitalfunk.niedersachsen.de\/asdntechnik\/wp-json\/wp\/v2\/categories?post=3937"},{"taxonomy":"post_tag","embeddable":true,"href":"https:\/\/www.digitalfunk.niedersachsen.de\/asdntechnik\/wp-json\/wp\/v2\/tags?post=3937"}],"curies":[{"name":"wp","href":"https:\/\/api.w.org\/{rel}","templated":true}]}}