{"id":4854,"date":"2026-02-11T16:31:48","date_gmt":"2026-02-11T15:31:48","guid":{"rendered":"https:\/\/www.digitalfunk.niedersachsen.de\/asdntechnik\/?page_id=4854"},"modified":"2026-02-11T16:33:34","modified_gmt":"2026-02-11T15:33:34","slug":"einwilligungserklaerung","status":"publish","type":"page","link":"https:\/\/www.digitalfunk.niedersachsen.de\/asdntechnik\/einwilligungserklaerung\/","title":{"rendered":"Einwilligungserkl\u00e4rung"},"content":{"rendered":"<p>[et_pb_section fb_built=&#8220;1&#8243; admin_label=&#8220;section&#8220; _builder_version=&#8220;4.16&#8243; global_colors_info=&#8220;{}&#8220;][et_pb_row admin_label=&#8220;row&#8220; _builder_version=&#8220;4.16&#8243; background_size=&#8220;initial&#8220; background_position=&#8220;top_left&#8220; background_repeat=&#8220;repeat&#8220; global_colors_info=&#8220;{}&#8220;][et_pb_column type=&#8220;4_4&#8243; _builder_version=&#8220;4.16&#8243; custom_padding=&#8220;|||&#8220; global_colors_info=&#8220;{}&#8220; custom_padding__hover=&#8220;|||&#8220;][et_pb_post_title meta=&#8220;off&#8220; _builder_version=&#8220;4.27.4&#8243; _module_preset=&#8220;default&#8220; global_colors_info=&#8220;{}&#8220;][\/et_pb_post_title][et_pb_text _builder_version=&#8220;4.27.4&#8243; _module_preset=&#8220;default&#8220; global_colors_info=&#8220;{}&#8220;]<\/p>\n<p><em>\u201eDie ASDN versendet regelm\u00e4\u00dfig Newsletter per E-Mail, mit dem wir Sie \u00fcber aktuellen Entwicklungen rund um den Digitalform informieren. Durch Klick auf \u201eAnmelden\u201c willigen Sie entsprechend unserer Datenschutzerkl\u00e4rung in den Erhalt des Newsletters ein. Ihre Einwilligung k\u00f6nnen Sie jederzeit mit Wirkung f\u00fcr die Zukunft widerrufen.\u201c<\/em><\/p>\n<p>[\/et_pb_text][\/et_pb_column][\/et_pb_row][\/et_pb_section]<\/p>\n","protected":false},"excerpt":{"rendered":"<p>\u201eDie ASDN versendet regelm\u00e4\u00dfig Newsletter per E-Mail, mit dem wir Sie \u00fcber aktuellen Entwicklungen rund um den Digitalform informieren. Durch Klick auf \u201eAnmelden\u201c willigen Sie entsprechend unserer Datenschutzerkl\u00e4rung in den Erhalt des Newsletters ein. Ihre Einwilligung k\u00f6nnen Sie jederzeit mit Wirkung f\u00fcr die Zukunft widerrufen.\u201c<\/p>\n","protected":false},"author":14,"featured_media":0,"parent":0,"menu_order":0,"comment_status":"closed","ping_status":"closed","template":"","meta":{"_et_pb_use_builder":"on","_et_pb_old_content":"","_et_gb_content_width":"","footnotes":""},"categories":[194],"tags":[],"class_list":["post-4854","page","type-page","status-publish","hentry","category-newsletter-2"],"_links":{"self":[{"href":"https:\/\/www.digitalfunk.niedersachsen.de\/asdntechnik\/wp-json\/wp\/v2\/pages\/4854","targetHints":{"allow":["GET"]}}],"collection":[{"href":"https:\/\/www.digitalfunk.niedersachsen.de\/asdntechnik\/wp-json\/wp\/v2\/pages"}],"about":[{"href":"https:\/\/www.digitalfunk.niedersachsen.de\/asdntechnik\/wp-json\/wp\/v2\/types\/page"}],"author":[{"embeddable":true,"href":"https:\/\/www.digitalfunk.niedersachsen.de\/asdntechnik\/wp-json\/wp\/v2\/users\/14"}],"replies":[{"embeddable":true,"href":"https:\/\/www.digitalfunk.niedersachsen.de\/asdntechnik\/wp-json\/wp\/v2\/comments?post=4854"}],"version-history":[{"count":3,"href":"https:\/\/www.digitalfunk.niedersachsen.de\/asdntechnik\/wp-json\/wp\/v2\/pages\/4854\/revisions"}],"predecessor-version":[{"id":4857,"href":"https:\/\/www.digitalfunk.niedersachsen.de\/asdntechnik\/wp-json\/wp\/v2\/pages\/4854\/revisions\/4857"}],"wp:attachment":[{"href":"https:\/\/www.digitalfunk.niedersachsen.de\/asdntechnik\/wp-json\/wp\/v2\/media?parent=4854"}],"wp:term":[{"taxonomy":"category","embeddable":true,"href":"https:\/\/www.digitalfunk.niedersachsen.de\/asdntechnik\/wp-json\/wp\/v2\/categories?post=4854"},{"taxonomy":"post_tag","embeddable":true,"href":"https:\/\/www.digitalfunk.niedersachsen.de\/asdntechnik\/wp-json\/wp\/v2\/tags?post=4854"}],"curies":[{"name":"wp","href":"https:\/\/api.w.org\/{rel}","templated":true}]}}